{"id":1318,"date":"2022-11-17T15:26:17","date_gmt":"2022-11-17T15:26:17","guid":{"rendered":"https:\/\/kezmanmountainhouses.com\/?page_id=1318"},"modified":"2022-11-23T18:14:10","modified_gmt":"2022-11-23T18:14:10","slug":"pesacke-ture","status":"publish","type":"page","link":"https:\/\/kezmanmountainhouses.com\/sr\/pesacke-ture\/","title":{"rendered":"Pe\u0161a\u010dke ture"},"content":{"rendered":"","protected":false},"excerpt":{"rendered":"","protected":false},"author":2,"featured_media":769,"parent":0,"menu_order":0,"comment_status":"closed","ping_status":"closed","template":"templates\/template-flexible-content.php","meta":{"_acf_changed":false,"footnotes":""},"class_list":["post-1318","page","type-page","status-publish","has-post-thumbnail","hentry"],"acf":[],"yoast_head":"<!-- This site is optimized with the Yoast SEO plugin v26.7 - https:\/\/yoast.com\/wordpress\/plugins\/seo\/ -->\n<title>Pe\u0161a\u010dke ture - Ke\u017eman Mountain Houses<\/title>\n<meta name=\"robots\" content=\"index, follow, max-snippet:-1, max-image-preview:large, max-video-preview:-1\" \/>\n<link rel=\"canonical\" href=\"https:\/\/kezmanmountainhouses.com\/sr\/pesacke-ture\/\" \/>\n<meta property=\"og:locale\" content=\"sr_RS\" \/>\n<meta property=\"og:type\" content=\"article\" \/>\n<meta property=\"og:title\" content=\"Pe\u0161a\u010dke ture - Ke\u017eman Mountain Houses\" \/>\n<meta property=\"og:url\" content=\"https:\/\/kezmanmountainhouses.com\/sr\/pesacke-ture\/\" \/>\n<meta property=\"og:site_name\" content=\"Ke\u017eman Mountain Houses\" \/>\n<meta property=\"article:modified_time\" content=\"2022-11-23T18:14:10+00:00\" \/>\n<meta property=\"og:image\" content=\"https:\/\/kezmanmountainhouses.com\/wp-content\/uploads\/2022\/11\/Things-To-Do-Walking-Tours-Page-Herp.jpg\" \/>\n\t<meta property=\"og:image:width\" content=\"2560\" \/>\n\t<meta property=\"og:image:height\" content=\"1280\" \/>\n\t<meta property=\"og:image:type\" content=\"image\/jpeg\" \/>\n<meta name=\"twitter:card\" content=\"summary_large_image\" \/>\n<script type=\"application\/ld+json\" class=\"yoast-schema-graph\">{\"@context\":\"https:\/\/schema.org\",\"@graph\":[{\"@type\":\"WebPage\",\"@id\":\"https:\/\/kezmanmountainhouses.com\/sr\/pesacke-ture\/\",\"url\":\"https:\/\/kezmanmountainhouses.com\/sr\/pesacke-ture\/\",\"name\":\"Pe\u0161a\u010dke ture - Ke\u017eman Mountain Houses\",\"isPartOf\":{\"@id\":\"https:\/\/kezmanmountainhouses.com\/#website\"},\"primaryImageOfPage\":{\"@id\":\"https:\/\/kezmanmountainhouses.com\/sr\/pesacke-ture\/#primaryimage\"},\"image\":{\"@id\":\"https:\/\/kezmanmountainhouses.com\/sr\/pesacke-ture\/#primaryimage\"},\"thumbnailUrl\":\"https:\/\/kezmanmountainhouses.com\/wp-content\/uploads\/2022\/11\/Things-To-Do-Walking-Tours-Page-Herp.jpg\",\"datePublished\":\"2022-11-17T15:26:17+00:00\",\"dateModified\":\"2022-11-23T18:14:10+00:00\",\"breadcrumb\":{\"@id\":\"https:\/\/kezmanmountainhouses.com\/sr\/pesacke-ture\/#breadcrumb\"},\"inLanguage\":\"sr-RS\",\"potentialAction\":[{\"@type\":\"ReadAction\",\"target\":[\"https:\/\/kezmanmountainhouses.com\/sr\/pesacke-ture\/\"]}]},{\"@type\":\"ImageObject\",\"inLanguage\":\"sr-RS\",\"@id\":\"https:\/\/kezmanmountainhouses.com\/sr\/pesacke-ture\/#primaryimage\",\"url\":\"https:\/\/kezmanmountainhouses.com\/wp-content\/uploads\/2022\/11\/Things-To-Do-Walking-Tours-Page-Herp.jpg\",\"contentUrl\":\"https:\/\/kezmanmountainhouses.com\/wp-content\/uploads\/2022\/11\/Things-To-Do-Walking-Tours-Page-Herp.jpg\",\"width\":2560,\"height\":1280},{\"@type\":\"BreadcrumbList\",\"@id\":\"https:\/\/kezmanmountainhouses.com\/sr\/pesacke-ture\/#breadcrumb\",\"itemListElement\":[{\"@type\":\"ListItem\",\"position\":1,\"name\":\"Home\",\"item\":\"https:\/\/kezmanmountainhouses.com\/sr\/\"},{\"@type\":\"ListItem\",\"position\":2,\"name\":\"Pe\u0161a\u010dke ture\"}]},{\"@type\":\"WebSite\",\"@id\":\"https:\/\/kezmanmountainhouses.com\/#website\",\"url\":\"https:\/\/kezmanmountainhouses.com\/\",\"name\":\"Ke\u017eman Mountain Houses\",\"description\":\"Ke\u017eman Mountain Houses are unique luxury mountain cabins at Kopaonik ski resort, conceived as a nature retreat, offering Outdoor SPA experience.\",\"publisher\":{\"@id\":\"https:\/\/kezmanmountainhouses.com\/#organization\"},\"potentialAction\":[{\"@type\":\"SearchAction\",\"target\":{\"@type\":\"EntryPoint\",\"urlTemplate\":\"https:\/\/kezmanmountainhouses.com\/?s={search_term_string}\"},\"query-input\":{\"@type\":\"PropertyValueSpecification\",\"valueRequired\":true,\"valueName\":\"search_term_string\"}}],\"inLanguage\":\"sr-RS\"},{\"@type\":\"Organization\",\"@id\":\"https:\/\/kezmanmountainhouses.com\/#organization\",\"name\":\"Ke\u017eman Mountain Houses\",\"url\":\"https:\/\/kezmanmountainhouses.com\/\",\"logo\":{\"@type\":\"ImageObject\",\"inLanguage\":\"sr-RS\",\"@id\":\"https:\/\/kezmanmountainhouses.com\/#\/schema\/logo\/image\/\",\"url\":\"https:\/\/kezmanmountainhouses.com\/wp-content\/uploads\/2022\/09\/Kezman-Logo_Crni-01-1.png\",\"contentUrl\":\"https:\/\/kezmanmountainhouses.com\/wp-content\/uploads\/2022\/09\/Kezman-Logo_Crni-01-1.png\",\"width\":1182,\"height\":1182,\"caption\":\"Ke\u017eman Mountain Houses\"},\"image\":{\"@id\":\"https:\/\/kezmanmountainhouses.com\/#\/schema\/logo\/image\/\"}}]}<\/script>\n<!-- \/ Yoast SEO plugin. -->","yoast_head_json":{"title":"Pe\u0161a\u010dke ture - Ke\u017eman Mountain Houses","robots":{"index":"index","follow":"follow","max-snippet":"max-snippet:-1","max-image-preview":"max-image-preview:large","max-video-preview":"max-video-preview:-1"},"canonical":"https:\/\/kezmanmountainhouses.com\/sr\/pesacke-ture\/","og_locale":"sr_RS","og_type":"article","og_title":"Pe\u0161a\u010dke ture - Ke\u017eman Mountain Houses","og_url":"https:\/\/kezmanmountainhouses.com\/sr\/pesacke-ture\/","og_site_name":"Ke\u017eman Mountain Houses","article_modified_time":"2022-11-23T18:14:10+00:00","og_image":[{"width":2560,"height":1280,"url":"https:\/\/kezmanmountainhouses.com\/wp-content\/uploads\/2022\/11\/Things-To-Do-Walking-Tours-Page-Herp.jpg","type":"image\/jpeg"}],"twitter_card":"summary_large_image","schema":{"@context":"https:\/\/schema.org","@graph":[{"@type":"WebPage","@id":"https:\/\/kezmanmountainhouses.com\/sr\/pesacke-ture\/","url":"https:\/\/kezmanmountainhouses.com\/sr\/pesacke-ture\/","name":"Pe\u0161a\u010dke ture - Ke\u017eman Mountain Houses","isPartOf":{"@id":"https:\/\/kezmanmountainhouses.com\/#website"},"primaryImageOfPage":{"@id":"https:\/\/kezmanmountainhouses.com\/sr\/pesacke-ture\/#primaryimage"},"image":{"@id":"https:\/\/kezmanmountainhouses.com\/sr\/pesacke-ture\/#primaryimage"},"thumbnailUrl":"https:\/\/kezmanmountainhouses.com\/wp-content\/uploads\/2022\/11\/Things-To-Do-Walking-Tours-Page-Herp.jpg","datePublished":"2022-11-17T15:26:17+00:00","dateModified":"2022-11-23T18:14:10+00:00","breadcrumb":{"@id":"https:\/\/kezmanmountainhouses.com\/sr\/pesacke-ture\/#breadcrumb"},"inLanguage":"sr-RS","potentialAction":[{"@type":"ReadAction","target":["https:\/\/kezmanmountainhouses.com\/sr\/pesacke-ture\/"]}]},{"@type":"ImageObject","inLanguage":"sr-RS","@id":"https:\/\/kezmanmountainhouses.com\/sr\/pesacke-ture\/#primaryimage","url":"https:\/\/kezmanmountainhouses.com\/wp-content\/uploads\/2022\/11\/Things-To-Do-Walking-Tours-Page-Herp.jpg","contentUrl":"https:\/\/kezmanmountainhouses.com\/wp-content\/uploads\/2022\/11\/Things-To-Do-Walking-Tours-Page-Herp.jpg","width":2560,"height":1280},{"@type":"BreadcrumbList","@id":"https:\/\/kezmanmountainhouses.com\/sr\/pesacke-ture\/#breadcrumb","itemListElement":[{"@type":"ListItem","position":1,"name":"Home","item":"https:\/\/kezmanmountainhouses.com\/sr\/"},{"@type":"ListItem","position":2,"name":"Pe\u0161a\u010dke ture"}]},{"@type":"WebSite","@id":"https:\/\/kezmanmountainhouses.com\/#website","url":"https:\/\/kezmanmountainhouses.com\/","name":"Ke\u017eman Mountain Houses","description":"Ke\u017eman Mountain Houses are unique luxury mountain cabins at Kopaonik ski resort, conceived as a nature retreat, offering Outdoor SPA experience.","publisher":{"@id":"https:\/\/kezmanmountainhouses.com\/#organization"},"potentialAction":[{"@type":"SearchAction","target":{"@type":"EntryPoint","urlTemplate":"https:\/\/kezmanmountainhouses.com\/?s={search_term_string}"},"query-input":{"@type":"PropertyValueSpecification","valueRequired":true,"valueName":"search_term_string"}}],"inLanguage":"sr-RS"},{"@type":"Organization","@id":"https:\/\/kezmanmountainhouses.com\/#organization","name":"Ke\u017eman Mountain Houses","url":"https:\/\/kezmanmountainhouses.com\/","logo":{"@type":"ImageObject","inLanguage":"sr-RS","@id":"https:\/\/kezmanmountainhouses.com\/#\/schema\/logo\/image\/","url":"https:\/\/kezmanmountainhouses.com\/wp-content\/uploads\/2022\/09\/Kezman-Logo_Crni-01-1.png","contentUrl":"https:\/\/kezmanmountainhouses.com\/wp-content\/uploads\/2022\/09\/Kezman-Logo_Crni-01-1.png","width":1182,"height":1182,"caption":"Ke\u017eman Mountain Houses"},"image":{"@id":"https:\/\/kezmanmountainhouses.com\/#\/schema\/logo\/image\/"}}]}},"_links":{"self":[{"href":"https:\/\/kezmanmountainhouses.com\/sr\/wp-json\/wp\/v2\/pages\/1318","targetHints":{"allow":["GET"]}}],"collection":[{"href":"https:\/\/kezmanmountainhouses.com\/sr\/wp-json\/wp\/v2\/pages"}],"about":[{"href":"https:\/\/kezmanmountainhouses.com\/sr\/wp-json\/wp\/v2\/types\/page"}],"author":[{"embeddable":true,"href":"https:\/\/kezmanmountainhouses.com\/sr\/wp-json\/wp\/v2\/users\/2"}],"replies":[{"embeddable":true,"href":"https:\/\/kezmanmountainhouses.com\/sr\/wp-json\/wp\/v2\/comments?post=1318"}],"version-history":[{"count":3,"href":"https:\/\/kezmanmountainhouses.com\/sr\/wp-json\/wp\/v2\/pages\/1318\/revisions"}],"predecessor-version":[{"id":1537,"href":"https:\/\/kezmanmountainhouses.com\/sr\/wp-json\/wp\/v2\/pages\/1318\/revisions\/1537"}],"wp:featuredmedia":[{"embeddable":true,"href":"https:\/\/kezmanmountainhouses.com\/sr\/wp-json\/wp\/v2\/media\/769"}],"wp:attachment":[{"href":"https:\/\/kezmanmountainhouses.com\/sr\/wp-json\/wp\/v2\/media?parent=1318"}],"curies":[{"name":"wp","href":"https:\/\/api.w.org\/{rel}","templated":true}]}}